{"id":1121,"date":"2021-09-08T14:45:36","date_gmt":"2021-09-08T14:45:36","guid":{"rendered":"http:\/\/cirve.i-am.pt\/?page_id=1121"},"modified":"2022-06-24T12:12:39","modified_gmt":"2022-06-24T12:12:39","slug":"sobre","status":"publish","type":"page","link":"https:\/\/cirve.pt\/es\/sobre\/","title":{"rendered":"Sobre"},"content":{"rendered":"<p>[et_pb_section fb_built=\u00bb1&#8243; fullwidth=\u00bbon\u00bb _builder_version=\u00bb4.16&#8243; _module_preset=\u00bbdefault\u00bb collapsed=\u00bboff\u00bb global_colors_info=\u00bb{}\u00bb][et_pb_fullwidth_post_title meta=\u00bboff\u00bb featured_placement=\u00bbbackground\u00bb _builder_version=\u00bb4.16&#8243; _module_preset=\u00bbdefault\u00bb title_text_color=\u00bb#FFFFFF\u00bb hover_enabled=\u00bb0&#8243; global_colors_info=\u00bb{}\u00bb sticky_enabled=\u00bb0&#8243;][\/et_pb_fullwidth_post_title][\/et_pb_section][et_pb_section fb_built=\u00bb1&#8243; admin_label=\u00bbSection\u00bb _builder_version=\u00bb4.16&#8243; collapsed=\u00bboff\u00bb global_colors_info=\u00bb{}\u00bb][et_pb_row column_structure=\u00bb1_5,3_5,1_5&#8243; admin_label=\u00bbRow\u00bb _builder_version=\u00bb4.16&#8243; background_size=\u00bbinitial\u00bb background_position=\u00bbtop_left\u00bb background_repeat=\u00bbrepeat\u00bb global_colors_info=\u00bb{}\u00bb][et_pb_column type=\u00bb1_5&#8243; _builder_version=\u00bb4.16&#8243; custom_padding=\u00bb|||\u00bb global_colors_info=\u00bb{}\u00bb custom_padding__hover=\u00bb|||\u00bb][\/et_pb_column][et_pb_column type=\u00bb3_5&#8243; _builder_version=\u00bb4.16&#8243; custom_padding=\u00bb|||\u00bb global_colors_info=\u00bb{}\u00bb custom_padding__hover=\u00bb|||\u00bb][et_pb_text admin_label=\u00bbText\u00bb _builder_version=\u00bb4.17.4&#8243; background_size=\u00bbinitial\u00bb background_position=\u00bbtop_left\u00bb background_repeat=\u00bbrepeat\u00bb text_orientation=\u00bbcenter\u00bb module_alignment=\u00bbcenter\u00bb hover_enabled=\u00bb0&#8243; use_border_color=\u00bboff\u00bb border_color=\u00bb#ffffff\u00bb border_style=\u00bbsolid\u00bb global_colors_info=\u00bb{}\u00bb sticky_enabled=\u00bb0&#8243;]<\/p>\n<h1>El proyecto CIRVE tiene como objetivo facilitar el uso de los veh\u00edculos el\u00e9ctricos en toda Europa<\/h1>\n<h4>El futuro de este planeta, y las personas que lo habitan, dependen de nuestras acciones hoy.<\/h4>\n<p>[\/et_pb_text][\/et_pb_column][et_pb_column type=\u00bb1_5&#8243; _builder_version=\u00bb4.16&#8243; custom_padding=\u00bb|||\u00bb global_colors_info=\u00bb{}\u00bb custom_padding__hover=\u00bb|||\u00bb][\/et_pb_column][\/et_pb_row][et_pb_row column_structure=\u00bb1_5,3_5,1_5&#8243; admin_label=\u00bbRow\u00bb _builder_version=\u00bb4.16&#8243; background_size=\u00bbinitial\u00bb background_position=\u00bbtop_left\u00bb background_repeat=\u00bbrepeat\u00bb global_colors_info=\u00bb{}\u00bb][et_pb_column type=\u00bb1_5&#8243; _builder_version=\u00bb4.16&#8243; custom_padding=\u00bb|||\u00bb global_colors_info=\u00bb{}\u00bb custom_padding__hover=\u00bb|||\u00bb][\/et_pb_column][et_pb_column type=\u00bb3_5&#8243; _builder_version=\u00bb4.16&#8243; custom_padding=\u00bb|||\u00bb global_colors_info=\u00bb{}\u00bb custom_padding__hover=\u00bb|||\u00bb][et_pb_text admin_label=\u00bbText\u00bb _builder_version=\u00bb4.17.4&#8243; background_size=\u00bbinitial\u00bb background_position=\u00bbtop_left\u00bb background_repeat=\u00bbrepeat\u00bb hover_enabled=\u00bb0&#8243; use_border_color=\u00bboff\u00bb border_color=\u00bb#ffffff\u00bb border_style=\u00bbsolid\u00bb global_colors_info=\u00bb{}\u00bb sticky_enabled=\u00bb0&#8243;]Las cuestiones ambientales est\u00e1n en la agenda. El futuro de este planeta y las personas que lo habitan dependen de nuestras acciones de hoy. La transici\u00f3n a la movilidad el\u00e9ctrica es una de las respuestas a la urgencia mundial de evitar que las emisiones de gases contaminantes aumenten a\u00fan m\u00e1s la temperatura de nuestro planeta, cumpliendo con los objetivos del Acuerdo de Par\u00eds.<\/p>\n<p>Con este fin, la Directiva 2014\/94\/UE del Parlamento Europeo y del Consejo del 22 de Octubre de 2014, defini\u00f3 un marco com\u00fan de medidas para el despliegue de la infraestructura de combustibles alternativos en la Uni\u00f3n Europea con el fin de minimizar la dependencia del petr\u00f3leo. Estas medidas incluyen la creaci\u00f3n de redes de puntos de recarga estandarizadas con acceso no discriminatorio a veh\u00edculos el\u00e9ctricos (VE), ya que la actual falta de interoperabilidad de la infraestructura de carga es la principal barrera para el desarrollo del mercado de VE.<\/p>\n<p>El proyecto CIRVE, que se est\u00e1 desarrollando en Espa\u00f1a (cuyas siglas corresponden a Corredores Ib\u00e9ricos de Infraestructura de Recarga R\u00e1pida de Veh\u00edculos El\u00e9ctricos), se basa en el objetivo general de fomentar el uso de VE en toda Europa, asegurando su accesibilidad hacia y desde la Pen\u00ednsula Ib\u00e9rica a trav\u00e9s de un marco transfronterizo totalmente interoperable.<\/p>\n<p>En Portugal, CIRVE_PT tiene previsto implantar 18 infraestructuras de tarificaci\u00f3n r\u00e1pida en la red central de carreteras y a lo largo del corredor de la Red Central Atl\u00e1ntica, con el fin de insertar la red Mobi.E en la Red Transeuropea de Transporte (RTE-T). As\u00ed, las estaciones estar\u00e1n ubicadas en la A1, A6, A12 y A25 y en sus alrededores.<\/p>\n<p>Esta acci\u00f3n se articula con el proyecto hermano, que desplegar\u00e1 en Espa\u00f1a 40 puntos de carga a lo largo del Corredor Atl\u00e1ntico y Mediterr\u00e1neo. La ubicaci\u00f3n de los puestos permitir\u00e1 la conexi\u00f3n entre Lisboa-Madrid-Ir\u00fan-Francia y Oporto-Valladolid-San Sebasti\u00e1n-Francia.<\/p>\n<p>El proyecto est\u00e1 coordinado por MOBI.E, constituyendo y los socios portugueses son CEiiA &#8211; Centro de Ingenier\u00eda y Desarrollo &#8211; y Galp.<\/p>\n<p>En un enfoque coherente y de colaboraci\u00f3n, el objetivo prtende superar la fragmentaci\u00f3n de la infraestructura de recarga para veh\u00edculos el\u00e9ctricos causada por la falta de puntos de recarga en los principales corredores que conectan Portugal con Espa\u00f1a y ambos con Francia.<\/p>\n<p>Otro de los objetivos del proyecto es garantizar la interoperabilidad a nivel nacional, transfronterizo y de la UE, eliminando las barreras de acceso a los puntos de recarga r\u00e1pida, es decir, que la red sea universal como ya lo es en todo el terriotiro nacional.<\/p>\n<p>Tambi\u00e9n est\u00e1 previsto, en el \u00e1mbito de este proyecto, establecer una base de conocimientos integral para el uso generalizado y significativo de los veh\u00edculos el\u00e9ctricos, que contribuya al crecimiento sostenible de la infraestructura y el atractivo de los servicios m\u00f3viles el\u00e9ctricos para los operadores y proveedores de servicios.<\/p>\n<p><a href=\"https:\/\/trimis.ec.europa.eu\/project\/cirvept\">EUROPA &#8211; CIRVE_PT | TRIMIS &#8211; European Commission<\/a>[\/et_pb_text][\/et_pb_column][et_pb_column type=\u00bb1_5&#8243; _builder_version=\u00bb4.16&#8243; custom_padding=\u00bb|||\u00bb global_colors_info=\u00bb{}\u00bb custom_padding__hover=\u00bb|||\u00bb][\/et_pb_column][\/et_pb_row][\/et_pb_section]<\/p>\n","protected":false},"excerpt":{"rendered":"<p>El proyecto CIRVE tiene como objetivo facilitar el uso de los veh\u00edculos el\u00e9ctricos en toda Europa El futuro de este planeta, y las personas que lo habitan, dependen de nuestras acciones hoy.Las cuestiones ambientales est\u00e1n en la agenda. El futuro de este planeta y las personas que lo habitan dependen de nuestras acciones de hoy. [&hellip;]<\/p>\n","protected":false},"author":1,"featured_media":1078,"parent":0,"menu_order":0,"comment_status":"closed","ping_status":"closed","template":"","meta":{"_et_pb_use_builder":"on","_et_pb_old_content":"","_et_gb_content_width":"","inline_featured_image":false,"footnotes":""},"class_list":["post-1121","page","type-page","status-publish","has-post-thumbnail","hentry"],"yoast_head":"<!-- This site is optimized with the Yoast SEO plugin v25.3.1 - https:\/\/yoast.com\/wordpress\/plugins\/seo\/ -->\n<title>Sobre - Cirve PT<\/title>\n<meta name=\"robots\" content=\"index, follow, max-snippet:-1, max-image-preview:large, max-video-preview:-1\" \/>\n<link rel=\"canonical\" href=\"https:\/\/cirve.pt\/es\/sobre\/\" \/>\n<meta property=\"og:locale\" content=\"es_ES\" \/>\n<meta property=\"og:type\" content=\"article\" \/>\n<meta property=\"og:title\" content=\"Sobre - Cirve PT\" \/>\n<meta property=\"og:description\" content=\"El proyecto CIRVE tiene como objetivo facilitar el uso de los veh\u00edculos el\u00e9ctricos en toda Europa El futuro de este planeta, y las personas que lo habitan, dependen de nuestras acciones hoy.Las cuestiones ambientales est\u00e1n en la agenda. El futuro de este planeta y las personas que lo habitan dependen de nuestras acciones de hoy. [&hellip;]\" \/>\n<meta property=\"og:url\" content=\"https:\/\/cirve.pt\/es\/sobre\/\" \/>\n<meta property=\"og:site_name\" content=\"Cirve PT\" \/>\n<meta property=\"article:modified_time\" content=\"2022-06-24T12:12:39+00:00\" \/>\n<meta property=\"og:image\" content=\"https:\/\/cirve.pt\/wp-content\/uploads\/2017\/07\/tiago-aguiar-113253-1024x683.jpg\" \/>\n\t<meta property=\"og:image:width\" content=\"1024\" \/>\n\t<meta property=\"og:image:height\" content=\"683\" \/>\n\t<meta property=\"og:image:type\" content=\"image\/jpeg\" \/>\n<meta name=\"twitter:card\" content=\"summary_large_image\" \/>\n<meta name=\"twitter:label1\" content=\"Tiempo de lectura\" \/>\n\t<meta name=\"twitter:data1\" content=\"4 minutos\" \/>\n<script type=\"application\/ld+json\" class=\"yoast-schema-graph\">{\"@context\":\"https:\/\/schema.org\",\"@graph\":[{\"@type\":\"WebPage\",\"@id\":\"https:\/\/cirve.pt\/es\/sobre\/\",\"url\":\"https:\/\/cirve.pt\/es\/sobre\/\",\"name\":\"Sobre - Cirve PT\",\"isPartOf\":{\"@id\":\"https:\/\/cirve.pt\/es\/#website\"},\"primaryImageOfPage\":{\"@id\":\"https:\/\/cirve.pt\/es\/sobre\/#primaryimage\"},\"image\":{\"@id\":\"https:\/\/cirve.pt\/es\/sobre\/#primaryimage\"},\"thumbnailUrl\":\"https:\/\/cirve.pt\/wp-content\/uploads\/2017\/07\/tiago-aguiar-113253.jpg\",\"datePublished\":\"2021-09-08T14:45:36+00:00\",\"dateModified\":\"2022-06-24T12:12:39+00:00\",\"breadcrumb\":{\"@id\":\"https:\/\/cirve.pt\/es\/sobre\/#breadcrumb\"},\"inLanguage\":\"es\",\"potentialAction\":[{\"@type\":\"ReadAction\",\"target\":[\"https:\/\/cirve.pt\/es\/sobre\/\"]}]},{\"@type\":\"ImageObject\",\"inLanguage\":\"es\",\"@id\":\"https:\/\/cirve.pt\/es\/sobre\/#primaryimage\",\"url\":\"https:\/\/cirve.pt\/wp-content\/uploads\/2017\/07\/tiago-aguiar-113253.jpg\",\"contentUrl\":\"https:\/\/cirve.pt\/wp-content\/uploads\/2017\/07\/tiago-aguiar-113253.jpg\",\"width\":4272,\"height\":2848},{\"@type\":\"BreadcrumbList\",\"@id\":\"https:\/\/cirve.pt\/es\/sobre\/#breadcrumb\",\"itemListElement\":[{\"@type\":\"ListItem\",\"position\":1,\"name\":\"Home\",\"item\":\"https:\/\/cirve.pt\/es\/\"},{\"@type\":\"ListItem\",\"position\":2,\"name\":\"Sobre\"}]},{\"@type\":\"WebSite\",\"@id\":\"https:\/\/cirve.pt\/es\/#website\",\"url\":\"https:\/\/cirve.pt\/es\/\",\"name\":\"Cirve PT\",\"description\":\"Corredor El\u00e9ctrico\",\"potentialAction\":[{\"@type\":\"SearchAction\",\"target\":{\"@type\":\"EntryPoint\",\"urlTemplate\":\"https:\/\/cirve.pt\/es\/?s={search_term_string}\"},\"query-input\":{\"@type\":\"PropertyValueSpecification\",\"valueRequired\":true,\"valueName\":\"search_term_string\"}}],\"inLanguage\":\"es\"}]}<\/script>\n<!-- \/ Yoast SEO plugin. -->","yoast_head_json":{"title":"Sobre - Cirve PT","robots":{"index":"index","follow":"follow","max-snippet":"max-snippet:-1","max-image-preview":"max-image-preview:large","max-video-preview":"max-video-preview:-1"},"canonical":"https:\/\/cirve.pt\/es\/sobre\/","og_locale":"es_ES","og_type":"article","og_title":"Sobre - Cirve PT","og_description":"El proyecto CIRVE tiene como objetivo facilitar el uso de los veh\u00edculos el\u00e9ctricos en toda Europa El futuro de este planeta, y las personas que lo habitan, dependen de nuestras acciones hoy.Las cuestiones ambientales est\u00e1n en la agenda. El futuro de este planeta y las personas que lo habitan dependen de nuestras acciones de hoy. [&hellip;]","og_url":"https:\/\/cirve.pt\/es\/sobre\/","og_site_name":"Cirve PT","article_modified_time":"2022-06-24T12:12:39+00:00","og_image":[{"width":1024,"height":683,"url":"https:\/\/cirve.pt\/wp-content\/uploads\/2017\/07\/tiago-aguiar-113253-1024x683.jpg","type":"image\/jpeg"}],"twitter_card":"summary_large_image","twitter_misc":{"Tiempo de lectura":"4 minutos"},"schema":{"@context":"https:\/\/schema.org","@graph":[{"@type":"WebPage","@id":"https:\/\/cirve.pt\/es\/sobre\/","url":"https:\/\/cirve.pt\/es\/sobre\/","name":"Sobre - Cirve PT","isPartOf":{"@id":"https:\/\/cirve.pt\/es\/#website"},"primaryImageOfPage":{"@id":"https:\/\/cirve.pt\/es\/sobre\/#primaryimage"},"image":{"@id":"https:\/\/cirve.pt\/es\/sobre\/#primaryimage"},"thumbnailUrl":"https:\/\/cirve.pt\/wp-content\/uploads\/2017\/07\/tiago-aguiar-113253.jpg","datePublished":"2021-09-08T14:45:36+00:00","dateModified":"2022-06-24T12:12:39+00:00","breadcrumb":{"@id":"https:\/\/cirve.pt\/es\/sobre\/#breadcrumb"},"inLanguage":"es","potentialAction":[{"@type":"ReadAction","target":["https:\/\/cirve.pt\/es\/sobre\/"]}]},{"@type":"ImageObject","inLanguage":"es","@id":"https:\/\/cirve.pt\/es\/sobre\/#primaryimage","url":"https:\/\/cirve.pt\/wp-content\/uploads\/2017\/07\/tiago-aguiar-113253.jpg","contentUrl":"https:\/\/cirve.pt\/wp-content\/uploads\/2017\/07\/tiago-aguiar-113253.jpg","width":4272,"height":2848},{"@type":"BreadcrumbList","@id":"https:\/\/cirve.pt\/es\/sobre\/#breadcrumb","itemListElement":[{"@type":"ListItem","position":1,"name":"Home","item":"https:\/\/cirve.pt\/es\/"},{"@type":"ListItem","position":2,"name":"Sobre"}]},{"@type":"WebSite","@id":"https:\/\/cirve.pt\/es\/#website","url":"https:\/\/cirve.pt\/es\/","name":"Cirve PT","description":"Corredor El\u00e9ctrico","potentialAction":[{"@type":"SearchAction","target":{"@type":"EntryPoint","urlTemplate":"https:\/\/cirve.pt\/es\/?s={search_term_string}"},"query-input":{"@type":"PropertyValueSpecification","valueRequired":true,"valueName":"search_term_string"}}],"inLanguage":"es"}]}},"_links":{"self":[{"href":"https:\/\/cirve.pt\/es\/wp-json\/wp\/v2\/pages\/1121","targetHints":{"allow":["GET"]}}],"collection":[{"href":"https:\/\/cirve.pt\/es\/wp-json\/wp\/v2\/pages"}],"about":[{"href":"https:\/\/cirve.pt\/es\/wp-json\/wp\/v2\/types\/page"}],"author":[{"embeddable":true,"href":"https:\/\/cirve.pt\/es\/wp-json\/wp\/v2\/users\/1"}],"replies":[{"embeddable":true,"href":"https:\/\/cirve.pt\/es\/wp-json\/wp\/v2\/comments?post=1121"}],"version-history":[{"count":8,"href":"https:\/\/cirve.pt\/es\/wp-json\/wp\/v2\/pages\/1121\/revisions"}],"predecessor-version":[{"id":1464,"href":"https:\/\/cirve.pt\/es\/wp-json\/wp\/v2\/pages\/1121\/revisions\/1464"}],"wp:featuredmedia":[{"embeddable":true,"href":"https:\/\/cirve.pt\/es\/wp-json\/wp\/v2\/media\/1078"}],"wp:attachment":[{"href":"https:\/\/cirve.pt\/es\/wp-json\/wp\/v2\/media?parent=1121"}],"curies":[{"name":"wp","href":"https:\/\/api.w.org\/{rel}","templated":true}]}}