{"id":1112,"date":"2021-09-08T14:28:08","date_gmt":"2021-09-08T14:28:08","guid":{"rendered":"http:\/\/cirve.i-am.pt\/?page_id=1112"},"modified":"2022-06-24T12:24:03","modified_gmt":"2022-06-24T12:24:03","slug":"hechos","status":"publish","type":"page","link":"https:\/\/cirve.pt\/es\/sobre\/hechos\/","title":{"rendered":"Hechos"},"content":{"rendered":"<p>[et_pb_section fb_built=\u00bb1&#8243; fullwidth=\u00bbon\u00bb admin_label=\u00bbSection\u00bb _builder_version=\u00bb3.22&#8243; background_image=\u00bbhttps:\/\/cirve.pt\/wp-content\/uploads\/2017\/10\/paulo-simoes-mendes-33354.jpg\u00bb transparent_background=\u00bboff\u00bb make_fullwidth=\u00bboff\u00bb use_custom_width=\u00bboff\u00bb width_unit=\u00bbon\u00bb global_colors_info=\u00bb{}\u00bb][et_pb_fullwidth_post_title meta=\u00bboff\u00bb featured_placement=\u00bbbackground\u00bb text_color=\u00bblight\u00bb admin_label=\u00bbFullwidth Post Title\u00bb _builder_version=\u00bb4.9.7&#8243; background_image=\u00bbhttp:\/\/cirve.i-am.pt\/wp-content\/uploads\/2017\/10\/carlos-muza-84523.jpg\u00bb parallax_effect=\u00bboff\u00bb use_border_color=\u00bboff\u00bb border_color=\u00bb#ffffff\u00bb border_style=\u00bbsolid\u00bb global_colors_info=\u00bb{}\u00bb][\/et_pb_fullwidth_post_title][\/et_pb_section][et_pb_section fb_built=\u00bb1&#8243; admin_label=\u00bbsection\u00bb _builder_version=\u00bb3.22&#8243; global_colors_info=\u00bb{}\u00bb][et_pb_row admin_label=\u00bbrow\u00bb _builder_version=\u00bb3.25&#8243; background_size=\u00bbinitial\u00bb background_position=\u00bbtop_left\u00bb background_repeat=\u00bbrepeat\u00bb global_colors_info=\u00bb{}\u00bb][et_pb_column type=\u00bb4_4&#8243; _builder_version=\u00bb3.25&#8243; custom_padding=\u00bb|||\u00bb global_colors_info=\u00bb{}\u00bb custom_padding__hover=\u00bb|||\u00bb][et_pb_tabs active_tab_background_color=\u00bb#0ba2c9&#8243; inactive_tab_background_color=\u00bb#ffffff\u00bb admin_label=\u00bbTabs\u00bb _builder_version=\u00bb4.10.6&#8243; background_size=\u00bbinitial\u00bb background_position=\u00bbtop_left\u00bb background_repeat=\u00bbrepeat\u00bb hover_enabled=\u00bb0&#8243; custom_css_tabs_controls=\u00bbbackground: #fff;\u00bb custom_css_tab=\u00bbborder-bottom: 1px solid #d9d9d9;\u00bb custom_css_active_tab=\u00bbcolor: #fff;\u00bb use_border_color=\u00bboff\u00bb border_color=\u00bb#ffffff\u00bb border_style=\u00bbsolid\u00bb global_colors_info=\u00bb{}\u00bb sticky_enabled=\u00bb0&#8243;][et_pb_tab title=\u00bbHistoria\u00bb _builder_version=\u00bb4.10.6&#8243; body_font=\u00bb||||\u00bb body_line_height=\u00bb2em\u00bb tab_font=\u00bb||||\u00bb tab_line_height=\u00bb2em\u00bb background_size=\u00bbinitial\u00bb background_position=\u00bbtop_left\u00bb background_repeat=\u00bbrepeat\u00bb hover_enabled=\u00bb0&#8243; body_line_height_tablet=\u00bb2em\u00bb body_line_height_phone=\u00bb2em\u00bb tab_line_height_tablet=\u00bb2em\u00bb tab_line_height_phone=\u00bb2em\u00bb global_colors_info=\u00bb{}\u00bb sticky_enabled=\u00bb0&#8243;]<\/p>\n<p style=\"font-weight: 400;\">La misi\u00f3n principal del proyecto CIRVE, cuyas siglas corresponden a Corredores Ib\u00e9ricos de Infraestructura de Recarga R\u00e1pida de Veh\u00edculos El\u00e9ctricos, es conectar la Pen\u00ednsula Ib\u00e9rica con el resto de pa\u00edses de la Uni\u00f3n Europea, mediante la instalaci\u00f3n de un total de 58 estaciones de recarga r\u00e1pida, 18 de ellas en Portugal, a lo largo de las principales v\u00edas de comunicaci\u00f3n entre ambos pa\u00edses. La ubicaci\u00f3n de estas infraestructuras permitir\u00e1 la conexi\u00f3n Lisboa-Madrid-Ir\u00fan-Francia y Porto-Valladolid-San Sebasti\u00e1n-Francia.<\/p>\n<p style=\"font-weight: 400;\">El proyecto, co-financiado por la Uni\u00f3n Europea y es desarrollado en Portugal por <strong>MOBI.E<\/strong>, <strong>Galp<\/strong> y <strong>CEiiA<\/strong>.<\/p>\n<p>[\/et_pb_tab][et_pb_tab title=\u00bbCalendario\u00bb _builder_version=\u00bb4.10.6&#8243; body_font=\u00bb||||\u00bb body_line_height=\u00bb2em\u00bb tab_font=\u00bb||||\u00bb tab_line_height=\u00bb2em\u00bb background_size=\u00bbinitial\u00bb background_position=\u00bbtop_left\u00bb background_repeat=\u00bbrepeat\u00bb hover_enabled=\u00bb0&#8243; body_line_height_tablet=\u00bb2em\u00bb body_line_height_phone=\u00bb2em\u00bb tab_line_height_tablet=\u00bb2em\u00bb tab_line_height_phone=\u00bb2em\u00bb global_colors_info=\u00bb{}\u00bb sticky_enabled=\u00bb0&#8243;]<\/p>\n<div id=\"middle\">\n<div class=\"middle_inner\">\n<div id=\"cmsmasters_row_59edfac1850e1\" class=\"cmsmasters_row cmsmasters_color_scheme_default cmsmasters_row_top_default cmsmasters_row_bot_default cmsmasters_row_boxed\">\n<div id=\"facts\" class=\"cmsmasters_row_outer_parent\">\n<div class=\"cmsmasters_row_outer\">\n<div class=\"cmsmasters_row_inner\">\n<div class=\"cmsmasters_row_margin cmsmasters_11\">\n<div class=\"cmsmasters_column one_first\">\n<div class=\"cmsmasters_tabs tabs_mode_tab\">\n<div class=\"cmsmasters_tabs_wrap\">\n<div id=\"cmsmasters_tab_59edfac1859ee\" class=\"cmsmasters_tab active_tab\">\n<div class=\"cmsmasters_tab_inner\">\n<p>Julio de 2016 a Julio de 2022<\/p>\n<\/div>\n<\/div>\n<\/div>\n<\/div>\n<\/div>\n<\/div>\n<\/div>\n<\/div>\n<\/div>\n<\/div>\n<\/div>\n<\/div>\n<p>[\/et_pb_tab][et_pb_tab title=\u00bbPresupuesto\u00bb _builder_version=\u00bb4.10.6&#8243; body_font=\u00bb||||\u00bb body_line_height=\u00bb2em\u00bb tab_font=\u00bb||||\u00bb tab_line_height=\u00bb2em\u00bb background_size=\u00bbinitial\u00bb background_position=\u00bbtop_left\u00bb background_repeat=\u00bbrepeat\u00bb hover_enabled=\u00bb0&#8243; body_line_height_tablet=\u00bb2em\u00bb body_line_height_phone=\u00bb2em\u00bb tab_line_height_tablet=\u00bb2em\u00bb tab_line_height_phone=\u00bb2em\u00bb global_colors_info=\u00bb{}\u00bb sticky_enabled=\u00bb0&#8243;]<strong>Costo total estimado de la acci\u00f3n:\u00a0<\/strong> \u00a0 \u20ac1,508,693[\/et_pb_tab][et_pb_tab title=\u00bbImpacto\u00bb _builder_version=\u00bb4.10.6&#8243; body_font=\u00bb||||\u00bb body_line_height=\u00bb2em\u00bb tab_font=\u00bb||||\u00bb tab_line_height=\u00bb2em\u00bb background_size=\u00bbinitial\u00bb background_position=\u00bbtop_left\u00bb background_repeat=\u00bbrepeat\u00bb hover_enabled=\u00bb0&#8243; body_line_height_tablet=\u00bb2em\u00bb body_line_height_phone=\u00bb2em\u00bb tab_line_height_tablet=\u00bb2em\u00bb tab_line_height_phone=\u00bb2em\u00bb global_colors_info=\u00bb{}\u00bb sticky_enabled=\u00bb0&#8243;]- Instalaci\u00f3n de 18 estaciones de carga r\u00e1pida en Alcochete, Aveiro, Celorico da Beira, Elvas, Guarda, Lisboa, Montemor-o-Novo, Oporto y Vouzela &#8211; 2022<\/p>\n<p>&#8211; Con la interoperabilidad a nivel nacional garantizada desde 2011, se pretende alcanzar a nivel transfronterizo y de la Uni\u00f3n Europea para finales de 2021<\/p>\n<p>[\/et_pb_tab][\/et_pb_tabs][\/et_pb_column][\/et_pb_row][\/et_pb_section]<\/p>\n","protected":false},"excerpt":{"rendered":"<p>La misi\u00f3n principal del proyecto CIRVE, cuyas siglas corresponden a Corredores Ib\u00e9ricos de Infraestructura de Recarga R\u00e1pida de Veh\u00edculos El\u00e9ctricos, es conectar la Pen\u00ednsula Ib\u00e9rica con el resto de pa\u00edses de la Uni\u00f3n Europea, mediante la instalaci\u00f3n de un total de 58 estaciones de recarga r\u00e1pida, 18 de ellas en Portugal, a lo largo de [&hellip;]<\/p>\n","protected":false},"author":1,"featured_media":0,"parent":1121,"menu_order":0,"comment_status":"closed","ping_status":"closed","template":"","meta":{"_et_pb_use_builder":"on","_et_pb_old_content":"","_et_gb_content_width":"","inline_featured_image":false,"footnotes":""},"class_list":["post-1112","page","type-page","status-publish","hentry"],"yoast_head":"<!-- This site is optimized with the Yoast SEO plugin v25.3.1 - https:\/\/yoast.com\/wordpress\/plugins\/seo\/ -->\n<title>Hechos - Cirve PT<\/title>\n<meta name=\"robots\" content=\"index, follow, max-snippet:-1, max-image-preview:large, max-video-preview:-1\" \/>\n<link rel=\"canonical\" href=\"https:\/\/cirve.pt\/es\/sobre\/hechos\/\" \/>\n<meta property=\"og:locale\" content=\"es_ES\" \/>\n<meta property=\"og:type\" content=\"article\" \/>\n<meta property=\"og:title\" content=\"Hechos - Cirve PT\" \/>\n<meta property=\"og:description\" content=\"La misi\u00f3n principal del proyecto CIRVE, cuyas siglas corresponden a Corredores Ib\u00e9ricos de Infraestructura de Recarga R\u00e1pida de Veh\u00edculos El\u00e9ctricos, es conectar la Pen\u00ednsula Ib\u00e9rica con el resto de pa\u00edses de la Uni\u00f3n Europea, mediante la instalaci\u00f3n de un total de 58 estaciones de recarga r\u00e1pida, 18 de ellas en Portugal, a lo largo de [&hellip;]\" \/>\n<meta property=\"og:url\" content=\"https:\/\/cirve.pt\/es\/sobre\/hechos\/\" \/>\n<meta property=\"og:site_name\" content=\"Cirve PT\" \/>\n<meta property=\"article:modified_time\" content=\"2022-06-24T12:24:03+00:00\" \/>\n<meta name=\"twitter:card\" content=\"summary_large_image\" \/>\n<meta name=\"twitter:label1\" content=\"Tiempo de lectura\" \/>\n\t<meta name=\"twitter:data1\" content=\"3 minutos\" \/>\n<script type=\"application\/ld+json\" class=\"yoast-schema-graph\">{\"@context\":\"https:\/\/schema.org\",\"@graph\":[{\"@type\":\"WebPage\",\"@id\":\"https:\/\/cirve.pt\/es\/sobre\/hechos\/\",\"url\":\"https:\/\/cirve.pt\/es\/sobre\/hechos\/\",\"name\":\"Hechos - Cirve PT\",\"isPartOf\":{\"@id\":\"https:\/\/cirve.pt\/es\/#website\"},\"datePublished\":\"2021-09-08T14:28:08+00:00\",\"dateModified\":\"2022-06-24T12:24:03+00:00\",\"breadcrumb\":{\"@id\":\"https:\/\/cirve.pt\/es\/sobre\/hechos\/#breadcrumb\"},\"inLanguage\":\"es\",\"potentialAction\":[{\"@type\":\"ReadAction\",\"target\":[\"https:\/\/cirve.pt\/es\/sobre\/hechos\/\"]}]},{\"@type\":\"BreadcrumbList\",\"@id\":\"https:\/\/cirve.pt\/es\/sobre\/hechos\/#breadcrumb\",\"itemListElement\":[{\"@type\":\"ListItem\",\"position\":1,\"name\":\"Home\",\"item\":\"https:\/\/cirve.pt\/es\/\"},{\"@type\":\"ListItem\",\"position\":2,\"name\":\"Sobre\",\"item\":\"https:\/\/cirve.pt\/es\/sobre-2\/\"},{\"@type\":\"ListItem\",\"position\":3,\"name\":\"Hechos\"}]},{\"@type\":\"WebSite\",\"@id\":\"https:\/\/cirve.pt\/es\/#website\",\"url\":\"https:\/\/cirve.pt\/es\/\",\"name\":\"Cirve PT\",\"description\":\"Corredor El\u00e9ctrico\",\"potentialAction\":[{\"@type\":\"SearchAction\",\"target\":{\"@type\":\"EntryPoint\",\"urlTemplate\":\"https:\/\/cirve.pt\/es\/?s={search_term_string}\"},\"query-input\":{\"@type\":\"PropertyValueSpecification\",\"valueRequired\":true,\"valueName\":\"search_term_string\"}}],\"inLanguage\":\"es\"}]}<\/script>\n<!-- \/ Yoast SEO plugin. -->","yoast_head_json":{"title":"Hechos - Cirve PT","robots":{"index":"index","follow":"follow","max-snippet":"max-snippet:-1","max-image-preview":"max-image-preview:large","max-video-preview":"max-video-preview:-1"},"canonical":"https:\/\/cirve.pt\/es\/sobre\/hechos\/","og_locale":"es_ES","og_type":"article","og_title":"Hechos - Cirve PT","og_description":"La misi\u00f3n principal del proyecto CIRVE, cuyas siglas corresponden a Corredores Ib\u00e9ricos de Infraestructura de Recarga R\u00e1pida de Veh\u00edculos El\u00e9ctricos, es conectar la Pen\u00ednsula Ib\u00e9rica con el resto de pa\u00edses de la Uni\u00f3n Europea, mediante la instalaci\u00f3n de un total de 58 estaciones de recarga r\u00e1pida, 18 de ellas en Portugal, a lo largo de [&hellip;]","og_url":"https:\/\/cirve.pt\/es\/sobre\/hechos\/","og_site_name":"Cirve PT","article_modified_time":"2022-06-24T12:24:03+00:00","twitter_card":"summary_large_image","twitter_misc":{"Tiempo de lectura":"3 minutos"},"schema":{"@context":"https:\/\/schema.org","@graph":[{"@type":"WebPage","@id":"https:\/\/cirve.pt\/es\/sobre\/hechos\/","url":"https:\/\/cirve.pt\/es\/sobre\/hechos\/","name":"Hechos - Cirve PT","isPartOf":{"@id":"https:\/\/cirve.pt\/es\/#website"},"datePublished":"2021-09-08T14:28:08+00:00","dateModified":"2022-06-24T12:24:03+00:00","breadcrumb":{"@id":"https:\/\/cirve.pt\/es\/sobre\/hechos\/#breadcrumb"},"inLanguage":"es","potentialAction":[{"@type":"ReadAction","target":["https:\/\/cirve.pt\/es\/sobre\/hechos\/"]}]},{"@type":"BreadcrumbList","@id":"https:\/\/cirve.pt\/es\/sobre\/hechos\/#breadcrumb","itemListElement":[{"@type":"ListItem","position":1,"name":"Home","item":"https:\/\/cirve.pt\/es\/"},{"@type":"ListItem","position":2,"name":"Sobre","item":"https:\/\/cirve.pt\/es\/sobre-2\/"},{"@type":"ListItem","position":3,"name":"Hechos"}]},{"@type":"WebSite","@id":"https:\/\/cirve.pt\/es\/#website","url":"https:\/\/cirve.pt\/es\/","name":"Cirve PT","description":"Corredor El\u00e9ctrico","potentialAction":[{"@type":"SearchAction","target":{"@type":"EntryPoint","urlTemplate":"https:\/\/cirve.pt\/es\/?s={search_term_string}"},"query-input":{"@type":"PropertyValueSpecification","valueRequired":true,"valueName":"search_term_string"}}],"inLanguage":"es"}]}},"_links":{"self":[{"href":"https:\/\/cirve.pt\/es\/wp-json\/wp\/v2\/pages\/1112","targetHints":{"allow":["GET"]}}],"collection":[{"href":"https:\/\/cirve.pt\/es\/wp-json\/wp\/v2\/pages"}],"about":[{"href":"https:\/\/cirve.pt\/es\/wp-json\/wp\/v2\/types\/page"}],"author":[{"embeddable":true,"href":"https:\/\/cirve.pt\/es\/wp-json\/wp\/v2\/users\/1"}],"replies":[{"embeddable":true,"href":"https:\/\/cirve.pt\/es\/wp-json\/wp\/v2\/comments?post=1112"}],"version-history":[{"count":9,"href":"https:\/\/cirve.pt\/es\/wp-json\/wp\/v2\/pages\/1112\/revisions"}],"predecessor-version":[{"id":1475,"href":"https:\/\/cirve.pt\/es\/wp-json\/wp\/v2\/pages\/1112\/revisions\/1475"}],"up":[{"embeddable":true,"href":"https:\/\/cirve.pt\/es\/wp-json\/wp\/v2\/pages\/1121"}],"wp:attachment":[{"href":"https:\/\/cirve.pt\/es\/wp-json\/wp\/v2\/media?parent=1112"}],"curies":[{"name":"wp","href":"https:\/\/api.w.org\/{rel}","templated":true}]}}