{"id":1102,"date":"2021-09-08T14:17:58","date_gmt":"2021-09-08T14:17:58","guid":{"rendered":"http:\/\/cirve.i-am.pt\/?page_id=1102"},"modified":"2022-06-23T10:22:46","modified_gmt":"2022-06-23T10:22:46","slug":"facts","status":"publish","type":"page","link":"https:\/\/cirve.pt\/en\/about\/facts\/","title":{"rendered":"Facts"},"content":{"rendered":"<p>[et_pb_section fb_built=&#8221;1&#8243; fullwidth=&#8221;on&#8221; admin_label=&#8221;Section&#8221; _builder_version=&#8221;3.22&#8243; background_image=&#8221;https:\/\/cirve.pt\/wp-content\/uploads\/2017\/10\/paulo-simoes-mendes-33354.jpg&#8221; transparent_background=&#8221;off&#8221; make_fullwidth=&#8221;off&#8221; use_custom_width=&#8221;off&#8221; width_unit=&#8221;on&#8221; global_colors_info=&#8221;{}&#8221;][et_pb_fullwidth_post_title meta=&#8221;off&#8221; featured_placement=&#8221;background&#8221; text_color=&#8221;light&#8221; admin_label=&#8221;Fullwidth Post Title&#8221; _builder_version=&#8221;4.9.7&#8243; background_image=&#8221;http:\/\/cirve.i-am.pt\/wp-content\/uploads\/2017\/10\/carlos-muza-84523.jpg&#8221; parallax_effect=&#8221;off&#8221; use_border_color=&#8221;off&#8221; border_color=&#8221;#ffffff&#8221; border_style=&#8221;solid&#8221; global_colors_info=&#8221;{}&#8221;][\/et_pb_fullwidth_post_title][\/et_pb_section][et_pb_section fb_built=&#8221;1&#8243; admin_label=&#8221;section&#8221; _builder_version=&#8221;3.22&#8243; global_colors_info=&#8221;{}&#8221;][et_pb_row admin_label=&#8221;row&#8221; _builder_version=&#8221;3.25&#8243; background_size=&#8221;initial&#8221; background_position=&#8221;top_left&#8221; background_repeat=&#8221;repeat&#8221; global_colors_info=&#8221;{}&#8221;][et_pb_column type=&#8221;4_4&#8243; _builder_version=&#8221;3.25&#8243; custom_padding=&#8221;|||&#8221; global_colors_info=&#8221;{}&#8221; custom_padding__hover=&#8221;|||&#8221;][et_pb_tabs active_tab_background_color=&#8221;#0ba2c9&#8243; inactive_tab_background_color=&#8221;#ffffff&#8221; admin_label=&#8221;Tabs&#8221; _builder_version=&#8221;4.10.6&#8243; background_size=&#8221;initial&#8221; background_position=&#8221;top_left&#8221; background_repeat=&#8221;repeat&#8221; hover_enabled=&#8221;0&#8243; custom_css_tabs_controls=&#8221;background: #fff;&#8221; custom_css_tab=&#8221;border-bottom: 1px solid #d9d9d9;&#8221; custom_css_active_tab=&#8221;color: #fff;&#8221; use_border_color=&#8221;off&#8221; border_color=&#8221;#ffffff&#8221; border_style=&#8221;solid&#8221; global_colors_info=&#8221;{}&#8221; sticky_enabled=&#8221;0&#8243;][et_pb_tab title=&#8221;History&#8221; _builder_version=&#8221;4.10.6&#8243; body_font=&#8221;||||&#8221; body_line_height=&#8221;2em&#8221; tab_font=&#8221;||||&#8221; tab_line_height=&#8221;2em&#8221; background_size=&#8221;initial&#8221; background_position=&#8221;top_left&#8221; background_repeat=&#8221;repeat&#8221; hover_enabled=&#8221;0&#8243; body_line_height_tablet=&#8221;2em&#8221; body_line_height_phone=&#8221;2em&#8221; tab_line_height_tablet=&#8221;2em&#8221; tab_line_height_phone=&#8221;2em&#8221; global_colors_info=&#8221;{}&#8221; sticky_enabled=&#8221;0&#8243;]The main mission of the CIRVE project, which stands for Corredores Ib\u00e9ricos de Infraestruturas de Recharga R\u00e1pida de Ve\u00edculos El\u00e9tricos, is to connect the Iberian Peninsula to the other countries of the European Union, through the installation of a total of 58 fast charging stations, 18 of which in Portugal, along the main communication routes of both countries. The location of these infrastructures will allow the connection Lisbon-Madrid-Irun-France and Oporto-Valladolid-San Sebastian-France.<\/p>\n<p>The project, co-financed by the European Union, is developed in Portugal by <strong>MOBI.E<\/strong>, <strong>Galp<\/strong>, and <strong>CEiiA<\/strong>.[\/et_pb_tab][et_pb_tab title=&#8221;Calendar&#8221; _builder_version=&#8221;4.10.6&#8243; body_font=&#8221;||||&#8221; body_line_height=&#8221;2em&#8221; tab_font=&#8221;||||&#8221; tab_line_height=&#8221;2em&#8221; background_size=&#8221;initial&#8221; background_position=&#8221;top_left&#8221; background_repeat=&#8221;repeat&#8221; hover_enabled=&#8221;0&#8243; body_line_height_tablet=&#8221;2em&#8221; body_line_height_phone=&#8221;2em&#8221; tab_line_height_tablet=&#8221;2em&#8221; tab_line_height_phone=&#8221;2em&#8221; global_colors_info=&#8221;{}&#8221; sticky_enabled=&#8221;0&#8243;]<\/p>\n<div id=\"middle\">\n<div class=\"middle_inner\">\n<div id=\"cmsmasters_row_59edfac1850e1\" class=\"cmsmasters_row cmsmasters_color_scheme_default cmsmasters_row_top_default cmsmasters_row_bot_default cmsmasters_row_boxed\">\n<div id=\"facts\" class=\"cmsmasters_row_outer_parent\">\n<div class=\"cmsmasters_row_outer\">\n<div class=\"cmsmasters_row_inner\">\n<div class=\"cmsmasters_row_margin cmsmasters_11\">\n<div class=\"cmsmasters_column one_first\">\n<div class=\"cmsmasters_tabs tabs_mode_tab\">\n<div class=\"cmsmasters_tabs_wrap\">\n<div id=\"cmsmasters_tab_59edfac1859ee\" class=\"cmsmasters_tab active_tab\">\n<div class=\"cmsmasters_tab_inner\">\n<p>July 2016 to July 2022<\/p>\n<\/div>\n<\/div>\n<\/div>\n<\/div>\n<\/div>\n<\/div>\n<\/div>\n<\/div>\n<\/div>\n<\/div>\n<\/div>\n<\/div>\n<p>[\/et_pb_tab][et_pb_tab title=&#8221;Budget&#8221; _builder_version=&#8221;4.10.6&#8243; body_font=&#8221;||||&#8221; body_line_height=&#8221;2em&#8221; tab_font=&#8221;||||&#8221; tab_line_height=&#8221;2em&#8221; background_size=&#8221;initial&#8221; background_position=&#8221;top_left&#8221; background_repeat=&#8221;repeat&#8221; hover_enabled=&#8221;0&#8243; body_line_height_tablet=&#8221;2em&#8221; body_line_height_phone=&#8221;2em&#8221; tab_line_height_tablet=&#8221;2em&#8221; tab_line_height_phone=&#8221;2em&#8221; global_colors_info=&#8221;{}&#8221; sticky_enabled=&#8221;0&#8243;]<strong>Total estimated cost of the action:<\/strong>\u00a0 \u00a0 \u00a0 \u20ac1,508,693[\/et_pb_tab][et_pb_tab title=&#8221;Impact&#8221; _builder_version=&#8221;4.10.6&#8243; body_font=&#8221;||||&#8221; body_line_height=&#8221;2em&#8221; tab_font=&#8221;||||&#8221; tab_line_height=&#8221;2em&#8221; background_size=&#8221;initial&#8221; background_position=&#8221;top_left&#8221; background_repeat=&#8221;repeat&#8221; hover_enabled=&#8221;0&#8243; body_line_height_tablet=&#8221;2em&#8221; body_line_height_phone=&#8221;2em&#8221; tab_line_height_tablet=&#8221;2em&#8221; tab_line_height_phone=&#8221;2em&#8221; global_colors_info=&#8221;{}&#8221; sticky_enabled=&#8221;0&#8243;]- Installation of 18 fast charging stations in Alcochete, Aveiro, Celorico da Beira, Elvas, Guarda, Lisbon, Montemor-o-Novo, Porto and Vouzela &#8211; 2022<\/p>\n<p>&#8211; With interoperability at national level ensured since 2011, it is intended to achieve cross-border and European Union level by the end of 2021<\/p>\n<p>[\/et_pb_tab][\/et_pb_tabs][\/et_pb_column][\/et_pb_row][\/et_pb_section]<\/p>\n","protected":false},"excerpt":{"rendered":"<p>The main mission of the CIRVE project, which stands for Corredores Ib\u00e9ricos de Infraestruturas de Recharga R\u00e1pida de Ve\u00edculos El\u00e9tricos, is to connect the Iberian Peninsula to the other countries of the European Union, through the installation of a total of 58 fast charging stations, 18 of which in Portugal, along the main communication routes [&hellip;]<\/p>\n","protected":false},"author":1,"featured_media":0,"parent":1117,"menu_order":0,"comment_status":"closed","ping_status":"closed","template":"","meta":{"_et_pb_use_builder":"on","_et_pb_old_content":"","_et_gb_content_width":"","inline_featured_image":false,"footnotes":""},"class_list":["post-1102","page","type-page","status-publish","hentry"],"yoast_head":"<!-- This site is optimized with the Yoast SEO plugin v25.3.1 - https:\/\/yoast.com\/wordpress\/plugins\/seo\/ -->\n<title>Facts - Cirve PT<\/title>\n<meta name=\"robots\" content=\"index, follow, max-snippet:-1, max-image-preview:large, max-video-preview:-1\" \/>\n<link rel=\"canonical\" href=\"https:\/\/cirve.pt\/en\/about\/facts\/\" \/>\n<meta property=\"og:locale\" content=\"en_US\" \/>\n<meta property=\"og:type\" content=\"article\" \/>\n<meta property=\"og:title\" content=\"Facts - Cirve PT\" \/>\n<meta property=\"og:description\" content=\"The main mission of the CIRVE project, which stands for Corredores Ib\u00e9ricos de Infraestruturas de Recharga R\u00e1pida de Ve\u00edculos El\u00e9tricos, is to connect the Iberian Peninsula to the other countries of the European Union, through the installation of a total of 58 fast charging stations, 18 of which in Portugal, along the main communication routes [&hellip;]\" \/>\n<meta property=\"og:url\" content=\"https:\/\/cirve.pt\/en\/about\/facts\/\" \/>\n<meta property=\"og:site_name\" content=\"Cirve PT\" \/>\n<meta property=\"article:modified_time\" content=\"2022-06-23T10:22:46+00:00\" \/>\n<meta name=\"twitter:card\" content=\"summary_large_image\" \/>\n<meta name=\"twitter:label1\" content=\"Est. reading time\" \/>\n\t<meta name=\"twitter:data1\" content=\"3 minutes\" \/>\n<script type=\"application\/ld+json\" class=\"yoast-schema-graph\">{\"@context\":\"https:\/\/schema.org\",\"@graph\":[{\"@type\":\"WebPage\",\"@id\":\"https:\/\/cirve.pt\/en\/about\/facts\/\",\"url\":\"https:\/\/cirve.pt\/en\/about\/facts\/\",\"name\":\"Facts - Cirve PT\",\"isPartOf\":{\"@id\":\"https:\/\/cirve.pt\/en\/#website\"},\"datePublished\":\"2021-09-08T14:17:58+00:00\",\"dateModified\":\"2022-06-23T10:22:46+00:00\",\"breadcrumb\":{\"@id\":\"https:\/\/cirve.pt\/en\/about\/facts\/#breadcrumb\"},\"inLanguage\":\"en-US\",\"potentialAction\":[{\"@type\":\"ReadAction\",\"target\":[\"https:\/\/cirve.pt\/en\/about\/facts\/\"]}]},{\"@type\":\"BreadcrumbList\",\"@id\":\"https:\/\/cirve.pt\/en\/about\/facts\/#breadcrumb\",\"itemListElement\":[{\"@type\":\"ListItem\",\"position\":1,\"name\":\"Home\",\"item\":\"https:\/\/cirve.pt\/en\/\"},{\"@type\":\"ListItem\",\"position\":2,\"name\":\"About\",\"item\":\"https:\/\/cirve.pt\/en\/sobre-2\/\"},{\"@type\":\"ListItem\",\"position\":3,\"name\":\"Facts\"}]},{\"@type\":\"WebSite\",\"@id\":\"https:\/\/cirve.pt\/en\/#website\",\"url\":\"https:\/\/cirve.pt\/en\/\",\"name\":\"Cirve PT\",\"description\":\"Corredor El\u00e9ctrico\",\"potentialAction\":[{\"@type\":\"SearchAction\",\"target\":{\"@type\":\"EntryPoint\",\"urlTemplate\":\"https:\/\/cirve.pt\/en\/?s={search_term_string}\"},\"query-input\":{\"@type\":\"PropertyValueSpecification\",\"valueRequired\":true,\"valueName\":\"search_term_string\"}}],\"inLanguage\":\"en-US\"}]}<\/script>\n<!-- \/ Yoast SEO plugin. -->","yoast_head_json":{"title":"Facts - Cirve PT","robots":{"index":"index","follow":"follow","max-snippet":"max-snippet:-1","max-image-preview":"max-image-preview:large","max-video-preview":"max-video-preview:-1"},"canonical":"https:\/\/cirve.pt\/en\/about\/facts\/","og_locale":"en_US","og_type":"article","og_title":"Facts - Cirve PT","og_description":"The main mission of the CIRVE project, which stands for Corredores Ib\u00e9ricos de Infraestruturas de Recharga R\u00e1pida de Ve\u00edculos El\u00e9tricos, is to connect the Iberian Peninsula to the other countries of the European Union, through the installation of a total of 58 fast charging stations, 18 of which in Portugal, along the main communication routes [&hellip;]","og_url":"https:\/\/cirve.pt\/en\/about\/facts\/","og_site_name":"Cirve PT","article_modified_time":"2022-06-23T10:22:46+00:00","twitter_card":"summary_large_image","twitter_misc":{"Est. reading time":"3 minutes"},"schema":{"@context":"https:\/\/schema.org","@graph":[{"@type":"WebPage","@id":"https:\/\/cirve.pt\/en\/about\/facts\/","url":"https:\/\/cirve.pt\/en\/about\/facts\/","name":"Facts - Cirve PT","isPartOf":{"@id":"https:\/\/cirve.pt\/en\/#website"},"datePublished":"2021-09-08T14:17:58+00:00","dateModified":"2022-06-23T10:22:46+00:00","breadcrumb":{"@id":"https:\/\/cirve.pt\/en\/about\/facts\/#breadcrumb"},"inLanguage":"en-US","potentialAction":[{"@type":"ReadAction","target":["https:\/\/cirve.pt\/en\/about\/facts\/"]}]},{"@type":"BreadcrumbList","@id":"https:\/\/cirve.pt\/en\/about\/facts\/#breadcrumb","itemListElement":[{"@type":"ListItem","position":1,"name":"Home","item":"https:\/\/cirve.pt\/en\/"},{"@type":"ListItem","position":2,"name":"About","item":"https:\/\/cirve.pt\/en\/sobre-2\/"},{"@type":"ListItem","position":3,"name":"Facts"}]},{"@type":"WebSite","@id":"https:\/\/cirve.pt\/en\/#website","url":"https:\/\/cirve.pt\/en\/","name":"Cirve PT","description":"Corredor El\u00e9ctrico","potentialAction":[{"@type":"SearchAction","target":{"@type":"EntryPoint","urlTemplate":"https:\/\/cirve.pt\/en\/?s={search_term_string}"},"query-input":{"@type":"PropertyValueSpecification","valueRequired":true,"valueName":"search_term_string"}}],"inLanguage":"en-US"}]}},"_links":{"self":[{"href":"https:\/\/cirve.pt\/en\/wp-json\/wp\/v2\/pages\/1102","targetHints":{"allow":["GET"]}}],"collection":[{"href":"https:\/\/cirve.pt\/en\/wp-json\/wp\/v2\/pages"}],"about":[{"href":"https:\/\/cirve.pt\/en\/wp-json\/wp\/v2\/types\/page"}],"author":[{"embeddable":true,"href":"https:\/\/cirve.pt\/en\/wp-json\/wp\/v2\/users\/1"}],"replies":[{"embeddable":true,"href":"https:\/\/cirve.pt\/en\/wp-json\/wp\/v2\/comments?post=1102"}],"version-history":[{"count":14,"href":"https:\/\/cirve.pt\/en\/wp-json\/wp\/v2\/pages\/1102\/revisions"}],"predecessor-version":[{"id":1304,"href":"https:\/\/cirve.pt\/en\/wp-json\/wp\/v2\/pages\/1102\/revisions\/1304"}],"up":[{"embeddable":true,"href":"https:\/\/cirve.pt\/en\/wp-json\/wp\/v2\/pages\/1117"}],"wp:attachment":[{"href":"https:\/\/cirve.pt\/en\/wp-json\/wp\/v2\/media?parent=1102"}],"curies":[{"name":"wp","href":"https:\/\/api.w.org\/{rel}","templated":true}]}}